{"id":2503,"date":"2018-08-08T10:35:44","date_gmt":"2018-08-08T14:35:44","guid":{"rendered":"https:\/\/www.maisonsecoursauxfemmes.org\/politique-de-confidentialite-et-conditions-dutilisation\/"},"modified":"2023-09-14T10:58:03","modified_gmt":"2023-09-14T14:58:03","slug":"politique-de-confidentialite-et-conditions-dutilisation","status":"publish","type":"page","link":"https:\/\/www.maisonsecoursauxfemmes.org\/ar\/politique-de-confidentialite-et-conditions-dutilisation\/","title":{"rendered":"Politique de confidentialit\u00e9 et conditions d&#8217;utilisation"},"content":{"rendered":"<style>.kb-row-layout-id2503_a264b6-e9 > .kt-row-column-wrap{align-content:start;}:where(.kb-row-layout-id2503_a264b6-e9 > .kt-row-column-wrap) > .wp-block-kadence-column{justify-content:start;}.kb-row-layout-id2503_a264b6-e9 > .kt-row-column-wrap{column-gap:var(--global-kb-gap-md, 2rem);row-gap:var(--global-kb-gap-md, 2rem);max-width:var( --global-content-width, 1500px );padding-left:var(--global-content-edge-padding);padding-right:var(--global-content-edge-padding);padding-top:var(--global-kb-spacing-lg, 3rem);padding-bottom:var(--global-kb-spacing-xs, 1rem);grid-template-columns:minmax(0, 1fr);}.kb-row-layout-id2503_a264b6-e9 > .kt-row-layout-overlay{opacity:0.30;}@media all and (max-width: 1024px){.kb-row-layout-id2503_a264b6-e9 > .kt-row-column-wrap{grid-template-columns:minmax(0, 1fr);}}@media all and (max-width: 767px){.kb-row-layout-id2503_a264b6-e9 > .kt-row-column-wrap{grid-template-columns:minmax(0, 1fr);}}.kb-row-layout-id2503_a264b6-e9 {  direction:ltr!important;}<\/style><div class=\"kb-row-layout-wrap kb-row-layout-id2503_a264b6-e9 alignnone resp wp-block-kadence-rowlayout\"><div class=\"kt-row-column-wrap kt-has-1-columns kt-row-layout-equal kt-tab-layout-inherit kt-mobile-layout-row kt-row-valign-top kb-theme-content-width\">\n<style>.kadence-column2503_d588c1-1b > .kt-inside-inner-col,.kadence-column2503_d588c1-1b > .kt-inside-inner-col:before{border-top-left-radius:0px;border-top-right-radius:0px;border-bottom-right-radius:0px;border-bottom-left-radius:0px;}.kadence-column2503_d588c1-1b > .kt-inside-inner-col{column-gap:var(--global-kb-gap-sm, 1rem);}.kadence-column2503_d588c1-1b > .kt-inside-inner-col{flex-direction:column;}.kadence-column2503_d588c1-1b > .kt-inside-inner-col > .aligncenter{width:100%;}.kadence-column2503_d588c1-1b > .kt-inside-inner-col:before{opacity:0.3;}.kadence-column2503_d588c1-1b{position:relative;}@media all and (max-width: 1024px){.kadence-column2503_d588c1-1b > .kt-inside-inner-col{flex-direction:column;justify-content:center;}}@media all and (max-width: 767px){.kadence-column2503_d588c1-1b > .kt-inside-inner-col{flex-direction:column;justify-content:center;}}<\/style>\n<div class=\"wp-block-kadence-column kadence-column2503_d588c1-1b\"><div class=\"kt-inside-inner-col\"><style>.wp-block-kadence-advancedheading.kt-adv-heading2503_cffefa-88, .wp-block-kadence-advancedheading.kt-adv-heading2503_cffefa-88[data-kb-block=\"kb-adv-heading2503_cffefa-88\"]{font-size:50px;line-height:1.1;font-weight:300;font-style:normal;font-family:'Source Sans Pro';}.wp-block-kadence-advancedheading.kt-adv-heading2503_cffefa-88 mark.kt-highlight, .wp-block-kadence-advancedheading.kt-adv-heading2503_cffefa-88[data-kb-block=\"kb-adv-heading2503_cffefa-88\"] mark.kt-highlight{font-style:normal;color:#f76a0c;-webkit-box-decoration-break:clone;box-decoration-break:clone;padding-top:0px;padding-right:0px;padding-bottom:0px;padding-left:0px;}.wp-block-kadence-advancedheading.kt-adv-heading2503_cffefa-88 img.kb-inline-image, .wp-block-kadence-advancedheading.kt-adv-heading2503_cffefa-88[data-kb-block=\"kb-adv-heading2503_cffefa-88\"] img.kb-inline-image{width:150px;vertical-align:baseline;}<\/style>\n<h1 class=\"kt-adv-heading2503_cffefa-88 wp-block-kadence-advancedheading has-theme-palette-3-color has-text-color\" data-kb-block=\"kb-adv-heading2503_cffefa-88\">Politique de confidentialit\u00e9 <br>et conditions d&#8217;utilisation<\/h1>\n\n\n\n<h3 class=\"wp-block-heading has-theme-palette-2-color has-text-color\">Cueillette de renseignements personnels<\/h3>\n\n\n\n<p>Maison Secours aux Femmes ne recueille aucun renseignement personnel sur les utilisateurs de son site Web, \u00e0 moins que ces derniers choisissent de les lui fournir en remplissant un formulaire ou en nous soumettant une demande de renseignements, ou toute autre correspondance \u00e9crite.<\/p>\n\n\n\n<h3 class=\"wp-block-heading has-theme-palette-2-color has-text-color\">Utilisation des renseignements<\/h3>\n\n\n\n<p>Maison Secours aux Femmes s\u2019engage \u00e0 n\u2019utiliser les renseignements personnels ainsi recueillis qu\u2019\u00e0 des fins appropri\u00e9es, reli\u00e9es \u00e0 sa mission d&#8217;informer ses utilisateurs. Il ne les utilisera \u00e0 aucune autre fin que celles pour lesquelles ils ont \u00e9t\u00e9 recueillis, \u00e0 moins que l\u2019utilisateur y consente ou que la loi l\u2019exige.<\/p>\n\n\n\n<h3 class=\"wp-block-heading has-theme-palette-2-color has-text-color\">Divulgation des renseignements<\/h3>\n\n\n\n<p>En aucun cas la Maison Secours aux Femmes ne divulgue les renseignements personnels recueillis par l\u2019entremise de son site Web \u00e0 des tiers sans avoir obtenu au pr\u00e9alable le consentement de l\u2019utilisateur, \u00e0 moins que la loi ne l\u2019y autorise.<\/p>\n\n\n\n<h3 class=\"wp-block-heading has-theme-palette-2-color has-text-color\">Conservation des renseignements<\/h3>\n\n\n\n<p>Les renseignements personnels recueillis par l\u2019entremise du site Web de la Maison Secours aux Femmes sont conserv\u00e9s uniquement durant la p\u00e9riode n\u00e9cessaire \u00e0 la satisfaction des fins pour lesquelles ils ont \u00e9t\u00e9 recueillis ou pour r\u00e9pondre aux exigences de la loi.<\/p>\n\n\n\n<h3 class=\"wp-block-heading has-theme-palette-2-color has-text-color\">Conditions d\u2019utilisation<\/h3>\n\n\n\n<p>Le pr\u00e9sent site Web est publi\u00e9 et g\u00e9r\u00e9 par la Maison Secours aux Femmes \u00e0 partir de son si\u00e8ge sis dans la province de Qu\u00e9bec, Canada. En acc\u00e9dant \u00e0 ce site, l\u2019utilisateur accepte que toutes affaires concernant l\u2019acc\u00e8s ou l\u2019usage du site soient r\u00e9gies en vertu des lois de la province de Qu\u00e9bec et des lois f\u00e9d\u00e9rales applicables.<\/p>\n\n\n\n<p>Maison Secours aux Femmes ne fait aucune repr\u00e9sentation concernant la conformit\u00e9 du contenu du site pour tout autre territoire que le Qu\u00e9bec.<\/p>\n\n\n\n<p>En acc\u00e9dant au pr\u00e9sent site Web, l\u2019utilisateur accepte les conditions et modalit\u00e9s \u00e9nonc\u00e9es ci-dessous.<\/p>\n\n\n\n<h3 class=\"wp-block-heading has-theme-palette-2-color has-text-color\">Utilisation du genre masculin<\/h3>\n\n\n\n<p>Le genre masculin est utilis\u00e9 sur le pr\u00e9sent site Web dans le but d\u2019all\u00e9ger les textes.<\/p>\n\n\n\n<h3 class=\"wp-block-heading has-theme-palette-2-color has-text-color\">Droits d\u2019auteur<\/h3>\n\n\n\n<p>Sous r\u00e9serve des \u0153uvres utilis\u00e9es sous licence ou des hyperliens affich\u00e9s sur le pr\u00e9sent site Web, le contenu de ce dernier est la propri\u00e9t\u00e9 de la Maison Secours aux Femmes et il est prot\u00e9g\u00e9 par les lois applicables. La reproduction partielle ou totale d\u2019extraits est interdite, sauf \u00e0 la suite de l\u2019accord expr\u00e8s donn\u00e9 par la Maison Secours aux Femmes ou \u00e0 moins qu\u2019une telle reproduction soit faite conform\u00e9ment \u00e0 une exception pr\u00e9vue \u00e0 la Loi sur le droit d\u2019auteur du Canada et avec mention de la source.<\/p>\n\n\n\n<h3 class=\"wp-block-heading has-theme-palette-2-color has-text-color\">Absence de garanties<\/h3>\n\n\n\n<p>Maison Secours aux Femmes a con\u00e7u son site Web principalement \u00e0 des fins informatives et accessoirement pour fournir certains services \u00e0 ses membres. Bien que la Maison Secours aux Femmes ait compil\u00e9 les informations contenues sur son site Web avec tout le soin voulu au moment de sa pr\u00e9sentation initiale, il est possible que certaines informations puissent \u00eatre erron\u00e9es ou inexactes. Il est \u00e9galement possible que l\u2019information contenue sur le site Web puisse devenir p\u00e9rim\u00e9e. Dans l\u2019une ou l\u2019autre de ces \u00e9ventualit\u00e9s, la Maison Secours aux Femmes ne pourra \u00eatre tenu responsable de tout pr\u00e9judice ou dommage, direct ou indirect, qui pourrait en r\u00e9sulter.<\/p>\n\n\n\n<p>Par ailleurs, le site Web de la Maison Secours aux Femmes r\u00e9pond \u00e0 certaines normes informatiques, techniques, graphiques et typographiques. En aucune circonstance, la Maison Secours aux Femmes ne saurait \u00eatre tenu responsable de tout pr\u00e9judice ou dommage, direct ou indirect, r\u00e9sultant du bris de l\u2019ordinateur personnel, du serveur ou de tout appareil ou programme de l\u2019utilisateur du site, de la perte de donn\u00e9es ou de tout autre bris ou probl\u00e8me technique rencontr\u00e9 par ce dernier pendant la navigation sur le pr\u00e9sent site Web.<\/p>\n\n\n\n<h3 class=\"wp-block-heading has-theme-palette-2-color has-text-color\">Hyperliens<\/h3>\n\n\n\n<p>Le site Web de la Maison Secours aux Femmes peut contenir des hyperliens permettant de diriger l\u2019utilisateur vers des sites Web externes appartenant \u00e0 des tiers, lesquels sont h\u00e9berg\u00e9s sur des serveurs \u00e9trangers \u00e0 celui de la Maison Secours aux Femmes. L\u2019utilisateur reconna\u00eet que par l\u2019activation de tels hyperliens, celui-ci se trouve \u00e0 automatiquement quitter les limites du site Web de la Maison Secours aux Femmes.<\/p>\n\n\n\n<p>L\u2019activation d\u2019hyperliens vers des sites externes ne peut \u00eatre interpr\u00e9t\u00e9e comme \u00e9tant constitutive d\u2019une affiliation ou d\u2019une association quelconque pouvant lier \u00e0 la Maison Secours aux Femmes au titulaire des droits relatifs \u00e0 ces sites Web externes.<\/p>\n\n\n\n<p>Puisque la Maison Secours aux Femmes n\u2019est pas en mesure d\u2019exercer un contr\u00f4le sur le contenu des sites Web externes au sien, celui-ci ne pourrait \u00eatre tenu responsable de tout pr\u00e9judice ou dommage pouvant notamment r\u00e9sulter de l\u2019inexactitude ou de la non-conformit\u00e9 du contenu de ces sites Web.<\/p>\n\n\n\n<h3 class=\"wp-block-heading has-theme-palette-2-color has-text-color\">Hyperliens profonds et cadrage<\/h3>\n\n\n\n<p>Tout utilisateur du site Web de la Maison Secours aux Femmes s\u2019engage \u00e0 ne pas utiliser de techniques ou de proc\u00e9d\u00e9s informatiques visant ou permettant de reproduire, de t\u00e9l\u00e9charger, de transmettre, de retransmettre, de distribuer, de diviser, de vendre, de publier, de modifier ou d\u2019utiliser autrement, partiellement ou en totalit\u00e9, le contenu du site Web de la Maison Secours aux Femmes en violation de la Loi sur le droit d\u2019auteur ou des conventions internationales applicables en mati\u00e8re de droits d\u2019auteur ou de toute autre loi, notamment en utilisant des techniques tels les hyperliens profonds ou le cadrage.<\/p>\n\n\n\n<p>Seuls les hyperliens profonds menant \u00e0 la page d\u2019accueil du pr\u00e9sent site Web sont autoris\u00e9s. De plus, le pr\u00e9sent site Web \u00e9tant un tout, aucune partie ne peut en \u00eatre extraite par cadrage ou autre pour utilisation hors du site de la Maison Secours aux Femmes.<\/p>\n<\/div><\/div>\n\n<\/div><\/div>\n\n<style>.kb-row-layout-id2503_68cf7a-fe > .kt-row-column-wrap{align-content:start;}:where(.kb-row-layout-id2503_68cf7a-fe > .kt-row-column-wrap) > .wp-block-kadence-column{justify-content:start;}.kb-row-layout-id2503_68cf7a-fe > .kt-row-column-wrap{column-gap:var(--global-kb-gap-md, 2rem);row-gap:var(--global-kb-gap-md, 2rem);max-width:var( --global-content-width, 1500px );padding-left:var(--global-content-edge-padding);padding-right:var(--global-content-edge-padding);padding-top:var(--global-kb-spacing-lg, 3rem);padding-bottom:var(--global-kb-spacing-lg, 3rem);grid-template-columns:minmax(0, 1fr);}.kb-row-layout-id2503_68cf7a-fe > .kt-row-layout-overlay{opacity:0.30;}@media all and (max-width: 1024px){.kb-row-layout-id2503_68cf7a-fe > .kt-row-column-wrap{grid-template-columns:minmax(0, 1fr);}}@media all and (max-width: 767px){.kb-row-layout-id2503_68cf7a-fe > .kt-row-column-wrap{grid-template-columns:minmax(0, 1fr);}}.kb-row-layout-id2503_68cf7a-fe {  direction:ltr!important;}<\/style><div class=\"kb-row-layout-wrap kb-row-layout-id2503_68cf7a-fe alignnone has-theme-palette5-background-color kt-row-has-bg resp wp-block-kadence-rowlayout\"><div class=\"kt-row-column-wrap kt-has-1-columns kt-row-layout-equal kt-tab-layout-inherit kt-mobile-layout-row kt-row-valign-top kb-theme-content-width\">\n<style>.kadence-column2503_ede0d3-26 > .kt-inside-inner-col,.kadence-column2503_ede0d3-26 > .kt-inside-inner-col:before{border-top-left-radius:0px;border-top-right-radius:0px;border-bottom-right-radius:0px;border-bottom-left-radius:0px;}.kadence-column2503_ede0d3-26 > .kt-inside-inner-col{column-gap:var(--global-kb-gap-sm, 1rem);}.kadence-column2503_ede0d3-26 > .kt-inside-inner-col{flex-direction:column;}.kadence-column2503_ede0d3-26 > .kt-inside-inner-col > .aligncenter{width:100%;}.kadence-column2503_ede0d3-26 > .kt-inside-inner-col:before{opacity:0.3;}.kadence-column2503_ede0d3-26{position:relative;}@media all and (max-width: 1024px){.kadence-column2503_ede0d3-26 > .kt-inside-inner-col{flex-direction:column;justify-content:center;}}@media all and (max-width: 767px){.kadence-column2503_ede0d3-26 > .kt-inside-inner-col{flex-direction:column;justify-content:center;}}<\/style>\n<div class=\"wp-block-kadence-column kadence-column2503_ede0d3-26\"><div class=\"kt-inside-inner-col\">\n<h3 class=\"wp-block-heading has-theme-palette-2-color has-text-color\"> Mise en garde<\/h3>\n\n\n\n<p>Certains textes apparaissant sur le pr\u00e9sent site Web ont pour but de vulgariser les divers processus mis en place afin d\u2019assurer sa mission de protection du public et de r\u00e9pondre aux principales questions qui lui sont soumises \u00e0 cet \u00e9gard. Il ne vise pas \u00e0 se substituer aux textes l\u00e9gislatifs et r\u00e9glementaires officiels applicables en l\u2019esp\u00e8ce ni \u00e0 les interpr\u00e9ter.<\/p>\n\n\n\n<p><strong>Les pr\u00e9occupations ou les questions relatives \u00e0 la confidentialit\u00e9 peuvent \u00eatre adress\u00e9es par \u00e9crit \u00e0 la responsable de la confidentialit\u00e9 de la Maison Secours aux Femmes \u00e0 ce courriel <a href=\"mailto:info@maisonsecoursauxfemmes.org\">info@maisonsecoursauxfemmes.org<\/a>.<\/strong><\/p>\n<\/div><\/div>\n\n<\/div><\/div>","protected":false},"excerpt":{"rendered":"<p>Politique de confidentialit\u00e9 et conditions d&#8217;utilisation Cueillette de renseignements personnels Maison Secours aux Femmes ne recueille aucun renseignement personnel sur les utilisateurs de son site Web, \u00e0 moins que ces derniers choisissent de les lui fournir en remplissant un formulaire ou en nous soumettant une demande de renseignements, ou toute autre correspondance \u00e9crite. Utilisation des&#8230;<\/p>\n","protected":false},"author":1,"featured_media":0,"parent":0,"menu_order":0,"comment_status":"closed","ping_status":"closed","template":"","meta":{"_eb_attr":"","inline_featured_image":false,"_kad_blocks_custom_css":"","_kad_blocks_head_custom_js":"","_kad_blocks_body_custom_js":"","_kad_blocks_footer_custom_js":"","_kad_post_transparent":"","_kad_post_title":"","_kad_post_layout":"","_kad_post_sidebar_id":"","_kad_post_content_style":"","_kad_post_vertical_padding":"","_kad_post_feature":"","_kad_post_feature_position":"","_kad_post_header":false,"_kad_post_footer":false,"_kad_post_classname":"","footnotes":""},"class_list":["post-2503","page","type-page","status-publish","hentry"],"taxonomy_info":[],"featured_image_src_large":false,"author_info":{"display_name":"Admin","author_link":"https:\/\/www.maisonsecoursauxfemmes.org\/ar\/author\/yourname\/"},"comment_info":"","_links":{"self":[{"href":"https:\/\/www.maisonsecoursauxfemmes.org\/ar\/wp-json\/wp\/v2\/pages\/2503","targetHints":{"allow":["GET"]}}],"collection":[{"href":"https:\/\/www.maisonsecoursauxfemmes.org\/ar\/wp-json\/wp\/v2\/pages"}],"about":[{"href":"https:\/\/www.maisonsecoursauxfemmes.org\/ar\/wp-json\/wp\/v2\/types\/page"}],"author":[{"embeddable":true,"href":"https:\/\/www.maisonsecoursauxfemmes.org\/ar\/wp-json\/wp\/v2\/users\/1"}],"replies":[{"embeddable":true,"href":"https:\/\/www.maisonsecoursauxfemmes.org\/ar\/wp-json\/wp\/v2\/comments?post=2503"}],"version-history":[{"count":3,"href":"https:\/\/www.maisonsecoursauxfemmes.org\/ar\/wp-json\/wp\/v2\/pages\/2503\/revisions"}],"predecessor-version":[{"id":4014,"href":"https:\/\/www.maisonsecoursauxfemmes.org\/ar\/wp-json\/wp\/v2\/pages\/2503\/revisions\/4014"}],"wp:attachment":[{"href":"https:\/\/www.maisonsecoursauxfemmes.org\/ar\/wp-json\/wp\/v2\/media?parent=2503"}],"curies":[{"name":"wp","href":"https:\/\/api.w.org\/{rel}","templated":true}]}}