{"id":2516,"date":"2023-03-24T14:33:26","date_gmt":"2023-03-24T18:33:26","guid":{"rendered":"https:\/\/www.maisonsecoursauxfemmes.org\/dwa-w\/"},"modified":"2023-09-12T11:46:09","modified_gmt":"2023-09-12T15:46:09","slug":"dwa-w","status":"publish","type":"page","link":"https:\/\/www.maisonsecoursauxfemmes.org\/cr\/dwa-w\/","title":{"rendered":"Dwa w"},"content":{"rendered":"<style>.kb-row-layout-id2516_642aca-40 > .kt-row-column-wrap{align-content:start;}:where(.kb-row-layout-id2516_642aca-40 > .kt-row-column-wrap) > .wp-block-kadence-column{justify-content:start;}.kb-row-layout-id2516_642aca-40 > .kt-row-column-wrap{column-gap:var(--global-kb-gap-md, 2rem);row-gap:var(--global-kb-gap-md, 2rem);grid-template-columns:repeat(2, minmax(0, 1fr));}.kb-row-layout-id2516_642aca-40 > .kt-row-layout-overlay{opacity:0.30;}.kb-row-layout-id2516_642aca-40{z-index:1;position:relative;}@media all and (max-width: 1024px){.kb-row-layout-id2516_642aca-40 > .kt-row-column-wrap{column-gap:var(--global-kb-gap-none, 0rem );padding-top:var(--global-kb-spacing-sm, 1.5rem);grid-template-columns:repeat(2, minmax(0, 1fr));}}@media all and (max-width: 767px){.kb-row-layout-id2516_642aca-40 > .kt-row-column-wrap{padding-top:var(--global-kb-spacing-sm, 1.5rem);grid-template-columns:minmax(0, 1fr);}}.kb-row-layout-id2516_642aca-40 .illustration1 {  width: 145%;  margin-left: -20%;  margin-top: -75px;  transform: rotate(-5deg);}.kb-row-layout-id2516_642aca-40 .illustration1 img {  width: 100%;}.kb-row-layout-id2516_642aca-40 .resp > .kt-has-2-columns {    grid-template-columns: repeat(2, minmax(0, auto));}<\/style><div class=\"kb-row-layout-wrap kb-row-layout-id2516_642aca-40 alignnone resp wp-block-kadence-rowlayout\"><div class=\"kt-row-column-wrap kt-has-2-columns kt-row-layout-equal kt-tab-layout-equal kt-mobile-layout-row kt-row-valign-top\">\n<style>.kadence-column2516_257d7d-6c > .kt-inside-inner-col{padding-right:6%;}.kadence-column2516_257d7d-6c > .kt-inside-inner-col,.kadence-column2516_257d7d-6c > .kt-inside-inner-col:before{border-top-left-radius:0px;border-top-right-radius:0px;border-bottom-right-radius:0px;border-bottom-left-radius:0px;}.kadence-column2516_257d7d-6c > .kt-inside-inner-col{column-gap:var(--global-kb-gap-sm, 1rem);}.kadence-column2516_257d7d-6c > .kt-inside-inner-col{flex-direction:column;}.kadence-column2516_257d7d-6c > .kt-inside-inner-col > .aligncenter{width:100%;}.kadence-column2516_257d7d-6c > .kt-inside-inner-col:before{opacity:0.3;}.kadence-column2516_257d7d-6c{z-index:4;position:relative;}@media all and (max-width: 1024px){.kt-row-column-wrap.kt-tab-layout-three-grid > .kadence-column2516_257d7d-6c, .kt-row-column-wrap.kt-tab-layout-two-grid > .kadence-column2516_257d7d-6c, .kt-row-column-wrap.kt-tab-layout-row > .kadence-column2516_257d7d-6c{order:1;}}@media all and (max-width: 1024px){.kadence-column2516_257d7d-6c > .kt-inside-inner-col{flex-direction:column;justify-content:center;}}@media all and (max-width: 1024px){.kadence-column2516_257d7d-6c, .kt-inside-inner-col > .kadence-column2516_257d7d-6c:not(.specificity){margin-top:-20px;margin-bottom:-80px;}}@media all and (max-width: 767px){.kt-row-column-wrap.kt-mobile-layout-three-grid > .kadence-column2516_257d7d-6c, .kt-row-column-wrap.kt-mobile-layout-two-grid > .kadence-column2516_257d7d-6c, .kt-row-column-wrap.kt-mobile-layout-row > .kadence-column2516_257d7d-6c{order:1 !important;}.kadence-column2516_257d7d-6c > .kt-inside-inner-col{flex-direction:column;justify-content:center;}}<\/style>\n<div class=\"wp-block-kadence-column kadence-column2516_257d7d-6c\"><div class=\"kt-inside-inner-col\"><style>.kb-image2516_5d127a-9a .kb-image-has-overlay:after{opacity:0.3;}@media all and (max-width: 1024px){.kb-image2516_5d127a-9a.kb-image-is-ratio-size, .kb-image2516_5d127a-9a .kb-image-is-ratio-size{max-width:390px;width:100%;}}@media all and (max-width: 1024px){.kb-image2516_5d127a-9a figure{max-width:390px;}}@media all and (max-width: 767px){.wp-block-kadence-image.kb-image2516_5d127a-9a:not(.kb-specificity-added):not(.kb-extra-specificity-added) > figure{margin-right:-5%;margin-left:0%;}}<\/style>\n<div class=\"wp-block-kadence-image kb-image2516_5d127a-9a\"><figure class=\"alignleft\"><img loading=\"lazy\" decoding=\"async\" width=\"750\" height=\"1175\" src=\"https:\/\/www.maisonsecoursauxfemmes.org\/wp-content\/uploads\/2023\/06\/msf-vos-droits-1.png\" alt=\"\" class=\"kb-img wp-image-1883\" srcset=\"https:\/\/www.maisonsecoursauxfemmes.org\/wp-content\/uploads\/2023\/06\/msf-vos-droits-1.png 750w, https:\/\/www.maisonsecoursauxfemmes.org\/wp-content\/uploads\/2023\/06\/msf-vos-droits-1-191x300.png 191w, https:\/\/www.maisonsecoursauxfemmes.org\/wp-content\/uploads\/2023\/06\/msf-vos-droits-1-654x1024.png 654w\" sizes=\"auto, (max-width: 750px) 100vw, 750px\" \/><\/figure><\/div>\n<\/div><\/div>\n\n\n<style>.kadence-column2516_154a5a-67 > .kt-inside-inner-col{display:flex;}.kadence-column2516_154a5a-67 > .kt-inside-inner-col,.kadence-column2516_154a5a-67 > .kt-inside-inner-col:before{border-top-left-radius:0px;border-top-right-radius:0px;border-bottom-right-radius:0px;border-bottom-left-radius:0px;}.kadence-column2516_154a5a-67 > .kt-inside-inner-col{column-gap:var(--global-kb-gap-sm, 1rem);}.kadence-column2516_154a5a-67 > .kt-inside-inner-col{flex-direction:column;align-items:space-between;}.kadence-column2516_154a5a-67 > .kt-inside-inner-col > .kb-image-is-ratio-size{align-self:stretch;}.kadence-column2516_154a5a-67 > .kt-inside-inner-col > .wp-block-kadence-advancedgallery{align-self:stretch;}.kadence-column2516_154a5a-67 > .kt-inside-inner-col > .aligncenter{width:100%;}.kadence-column2516_154a5a-67 > .kt-inside-inner-col:before{opacity:0.3;}.kadence-column2516_154a5a-67{z-index:1;position:relative;}@media all and (max-width: 1024px){.kt-row-column-wrap.kt-tab-layout-three-grid > .kadence-column2516_154a5a-67, .kt-row-column-wrap.kt-tab-layout-two-grid > .kadence-column2516_154a5a-67, .kt-row-column-wrap.kt-tab-layout-row > .kadence-column2516_154a5a-67{order:2;}}@media all and (max-width: 1024px){.kadence-column2516_154a5a-67 > .kt-inside-inner-col{flex-direction:column;justify-content:center;align-items:space-between;}}@media all and (max-width: 767px){.kt-row-column-wrap.kt-mobile-layout-three-grid > .kadence-column2516_154a5a-67, .kt-row-column-wrap.kt-mobile-layout-two-grid > .kadence-column2516_154a5a-67, .kt-row-column-wrap.kt-mobile-layout-row > .kadence-column2516_154a5a-67{order:2 !important;}.kadence-column2516_154a5a-67 > .kt-inside-inner-col{flex-direction:column;justify-content:center;align-items:space-between;}}.kadence-column2516_154a5a-67 {  z-index: 2;}<\/style>\n<div class=\"wp-block-kadence-column kadence-column2516_154a5a-67 kb-section-dir-vertical\"><div class=\"kt-inside-inner-col\"><style>.wp-block-kadence-advancedheading.kt-adv-heading2516_d15a9d-17, .wp-block-kadence-advancedheading.kt-adv-heading2516_d15a9d-17[data-kb-block=\"kb-adv-heading2516_d15a9d-17\"]{margin-top:16%;font-style:normal;}.wp-block-kadence-advancedheading.kt-adv-heading2516_d15a9d-17 mark.kt-highlight, .wp-block-kadence-advancedheading.kt-adv-heading2516_d15a9d-17[data-kb-block=\"kb-adv-heading2516_d15a9d-17\"] mark.kt-highlight{font-style:normal;color:#f76a0c;-webkit-box-decoration-break:clone;box-decoration-break:clone;padding-top:0px;padding-right:0px;padding-bottom:0px;padding-left:0px;}.wp-block-kadence-advancedheading.kt-adv-heading2516_d15a9d-17 img.kb-inline-image, .wp-block-kadence-advancedheading.kt-adv-heading2516_d15a9d-17[data-kb-block=\"kb-adv-heading2516_d15a9d-17\"] img.kb-inline-image{width:150px;vertical-align:baseline;}<\/style>\n<h1 class=\"kt-adv-heading2516_d15a9d-17 wp-block-kadence-advancedheading has-theme-palette-1-color has-text-color\" data-kb-block=\"kb-adv-heading2516_d15a9d-17\">Dwa w<\/h1>\n\n\n<style>.wp-block-kadence-advancedheading.kt-adv-heading2516_7f5bb9-56, .wp-block-kadence-advancedheading.kt-adv-heading2516_7f5bb9-56[data-kb-block=\"kb-adv-heading2516_7f5bb9-56\"]{padding-right:10%;padding-bottom:0%;margin-bottom:0px;font-size:22px;font-style:normal;}.wp-block-kadence-advancedheading.kt-adv-heading2516_7f5bb9-56 mark.kt-highlight, .wp-block-kadence-advancedheading.kt-adv-heading2516_7f5bb9-56[data-kb-block=\"kb-adv-heading2516_7f5bb9-56\"] mark.kt-highlight{font-style:normal;color:#f76a0c;-webkit-box-decoration-break:clone;box-decoration-break:clone;padding-top:0px;padding-right:0px;padding-bottom:0px;padding-left:0px;}.wp-block-kadence-advancedheading.kt-adv-heading2516_7f5bb9-56 img.kb-inline-image, .wp-block-kadence-advancedheading.kt-adv-heading2516_7f5bb9-56[data-kb-block=\"kb-adv-heading2516_7f5bb9-56\"] img.kb-inline-image{width:150px;vertical-align:baseline;}@media all and (max-width: 767px){.wp-block-kadence-advancedheading.kt-adv-heading2516_7f5bb9-56, .wp-block-kadence-advancedheading.kt-adv-heading2516_7f5bb9-56[data-kb-block=\"kb-adv-heading2516_7f5bb9-56\"]{padding-right:0%;}}<\/style>\n<p class=\"kt-adv-heading2516_7f5bb9-56 wp-block-kadence-advancedheading has-theme-palette-2-color has-text-color\" data-kb-block=\"kb-adv-heading2516_7f5bb9-56\">Maison Secours aux Femmes ede fanm ki viktim vyolans konjigal ak defans dwa yo, k\u00e8lkeswa se dwa lafanmi, dwa krimin\u00e8l, imigrasyon oswa lojman.<\/p>\n\n\n<style>.kb-row-layout-wrap.wp-block-kadence-rowlayout.kb-row-layout-id2516_c6939b-bd{margin-top:12%;}.kb-row-layout-id2516_c6939b-bd > .kt-row-column-wrap{align-content:center;}:where(.kb-row-layout-id2516_c6939b-bd > .kt-row-column-wrap) > .wp-block-kadence-column{justify-content:center;}.kb-row-layout-id2516_c6939b-bd > .kt-row-column-wrap{column-gap:var(--global-kb-gap-md, 2rem);row-gap:var(--global-kb-gap-md, 2rem);padding-top:50px;padding-right:50px;padding-bottom:50px;padding-left:0px;grid-template-columns:minmax(0, calc(70% - ((var(--global-kb-gap-md, 2rem) * 1 )\/2)))minmax(0, calc(30% - ((var(--global-kb-gap-md, 2rem) * 1 )\/2)));}.kb-row-layout-id2516_c6939b-bd > .kt-row-layout-overlay{opacity:0.30;}.kb-row-layout-id2516_c6939b-bd a{color:var(--global-palette9, #ffffff);}.kb-row-layout-id2516_c6939b-bd a:hover{color:var(--global-palette4, #2D3748);}@media all and (max-width: 1024px){.kb-row-layout-wrap.wp-block-kadence-rowlayout.kb-row-layout-id2516_c6939b-bd{margin-top:20%;}}@media all and (max-width: 1024px){.kb-row-layout-id2516_c6939b-bd > .kt-row-column-wrap{padding-top:50px;padding-left:50px;grid-template-columns:repeat(2, minmax(0, 1fr));}}@media all and (max-width: 767px){.kb-row-layout-id2516_c6939b-bd > .kt-row-column-wrap{padding-top:40px;padding-right:20px;padding-bottom:20px;padding-left:20px;grid-template-columns:minmax(0, 1fr);}}@media (min-width:768px) {.block-menu {  margin-left: -24vw;}}@media (min-width:1024px) {.block-menu p {  margin-left: 24vw;}}.kb-row-layout-id2516_c6939b-bd .wp-block-kadence-spacer.aligncenter {    width: 2500px;}.kb-row-layout-id2516_c6939b-bd .eb-advanced-navigation-wrapper .wp-block-navigation-item {  padding-top: 10px!important;    padding-bottom: 10px!important;}.kb-row-layout-id2516_c6939b-bd .wp-block-navigation .wp-block-navigation-item__label {    overflow-wrap: break-word;    word-break: normal;    text-transform: none;    font-weight: 400;}.kb-row-layout-id2516_c6939b-bd span.wp-block-navigation-item__label:before {    content: '\\f061';    font-family: 'FontAwesome';    margin-right: 20px;        color: var(--global-palette4);}.kb-row-layout-id2516_c6939b-bd .vertical-preset-1 .eb-nav-contents .wp-block-navigation {    background-color: transparent;    border-radius: 5px;    box-shadow: rgba(255,255,255,0) 0px 0px 0px 0px;    transition: all .5s, background 0.5s, border 0.5s, border-radius 0.5s, box-shadow 0.5s;}<\/style><div class=\"kb-row-layout-wrap kb-row-layout-id2516_c6939b-bd alignnone has-theme-palette1-background-color kt-row-has-bg block-menu wp-block-kadence-rowlayout\"><div class=\"kt-row-column-wrap kt-has-2-columns kt-row-layout-equal kt-tab-layout-inherit kt-mobile-layout-row kt-row-valign-middle\">\n<style>.kadence-column2516_bfb0cc-bf > .kt-inside-inner-col{padding-right:8%;}.kadence-column2516_bfb0cc-bf > .kt-inside-inner-col{border-right:1px solid var(--global-palette9, #ffffff);}.kadence-column2516_bfb0cc-bf > .kt-inside-inner-col,.kadence-column2516_bfb0cc-bf > .kt-inside-inner-col:before{border-top-left-radius:0px;border-top-right-radius:0px;border-bottom-right-radius:0px;border-bottom-left-radius:0px;}.kadence-column2516_bfb0cc-bf > .kt-inside-inner-col{column-gap:var(--global-kb-gap-sm, 1rem);}.kadence-column2516_bfb0cc-bf > .kt-inside-inner-col{flex-direction:column;}.kadence-column2516_bfb0cc-bf > .kt-inside-inner-col > .aligncenter{width:100%;}.kadence-column2516_bfb0cc-bf > .kt-inside-inner-col:before{opacity:0.3;}.kadence-column2516_bfb0cc-bf{position:relative;}@media all and (max-width: 1024px){.kadence-column2516_bfb0cc-bf > .kt-inside-inner-col{border-right:1px solid var(--global-palette9, #ffffff);flex-direction:column;justify-content:center;}}@media all and (max-width: 767px){.kadence-column2516_bfb0cc-bf > .kt-inside-inner-col{padding-right:0%;padding-bottom:10%;border-right:0px solid var(--global-palette9, #ffffff);border-bottom:1px solid var(--global-palette9, #ffffff);flex-direction:column;justify-content:center;}}<\/style>\n<div class=\"wp-block-kadence-column kadence-column2516_bfb0cc-bf\"><div class=\"kt-inside-inner-col\"><style>.wp-block-kadence-advancedheading.kt-adv-heading2516_9df56f-b4, .wp-block-kadence-advancedheading.kt-adv-heading2516_9df56f-b4[data-kb-block=\"kb-adv-heading2516_9df56f-b4\"]{padding-top:6%;padding-bottom:6%;font-style:normal;}.wp-block-kadence-advancedheading.kt-adv-heading2516_9df56f-b4 mark.kt-highlight, .wp-block-kadence-advancedheading.kt-adv-heading2516_9df56f-b4[data-kb-block=\"kb-adv-heading2516_9df56f-b4\"] mark.kt-highlight{font-style:normal;color:#f76a0c;-webkit-box-decoration-break:clone;box-decoration-break:clone;padding-top:0px;padding-right:0px;padding-bottom:0px;padding-left:0px;}.wp-block-kadence-advancedheading.kt-adv-heading2516_9df56f-b4 img.kb-inline-image, .wp-block-kadence-advancedheading.kt-adv-heading2516_9df56f-b4[data-kb-block=\"kb-adv-heading2516_9df56f-b4\"] img.kb-inline-image{width:150px;vertical-align:baseline;}<\/style>\n<p class=\"kt-adv-heading2516_9df56f-b4 wp-block-kadence-advancedheading has-theme-palette-9-color has-text-color\" data-kb-block=\"kb-adv-heading2516_9df56f-b4\">Paj sa yo bay enf\u00f2masyon jeneral sou lwa Keb\u00e8k yo ak resous ki disponib nan sitiyasyon vyolans konjigal. Yo pa konstitye yon opinyon legal.<\/p>\n<\/div><\/div>\n\n\n<style>.kadence-column2516_17f892-9d > .kt-inside-inner-col{padding-left:4%;}.kadence-column2516_17f892-9d > .kt-inside-inner-col,.kadence-column2516_17f892-9d > .kt-inside-inner-col:before{border-top-left-radius:0px;border-top-right-radius:0px;border-bottom-right-radius:0px;border-bottom-left-radius:0px;}.kadence-column2516_17f892-9d > .kt-inside-inner-col{column-gap:var(--global-kb-gap-sm, 1rem);}.kadence-column2516_17f892-9d > .kt-inside-inner-col{flex-direction:column;}.kadence-column2516_17f892-9d > .kt-inside-inner-col > .aligncenter{width:100%;}.kadence-column2516_17f892-9d > .kt-inside-inner-col:before{opacity:0.3;}.kadence-column2516_17f892-9d{position:relative;}@media all and (max-width: 1024px){.kadence-column2516_17f892-9d > .kt-inside-inner-col{flex-direction:column;justify-content:center;}}@media all and (max-width: 767px){.kadence-column2516_17f892-9d > .kt-inside-inner-col{flex-direction:column;justify-content:center;}}<\/style>\n<div class=\"wp-block-kadence-column kadence-column2516_17f892-9d\"><div class=\"kt-inside-inner-col\">\n<div class=\"wp-block-essential-blocks-advanced-navigation\"><div class=\"eb-parent-wrapper eb-parent-eb-advanced-navigation-vc15igf \"><div class=\"eb-advanced-navigation-vc15igf eb-advanced-navigation-wrapper is-vertical vertical-preset-1 items-justified-leftremove-dropdown-icon responsive-text close-icon-right\"><div class=\"eb-nav-contents\"><nav class=\"is-vertical items-justified-left  wp-block-navigation is-layout-flex wp-block-navigation-is-layout-flex\" aria-label=\"Vos droits - Cr\u00e9ole\"><ul class=\"wp-block-navigation__container  is-vertical items-justified-left  wp-block-navigation\"><li class=\" wp-block-navigation-item wp-block-navigation-link\"><a class=\"wp-block-navigation-item__content\"  href=\"https:\/\/www.maisonsecoursauxfemmes.org\/cr\/dwa-w\/dwa-lafanmi\/\"><span class=\"wp-block-navigation-item__label\">Dwa lafanmi<\/span><\/a><\/li><li class=\" wp-block-navigation-item wp-block-navigation-link\"><a class=\"wp-block-navigation-item__content\"  href=\"https:\/\/www.maisonsecoursauxfemmes.org\/cr\/dwa-w\/dwa-kriminel\/\"><span class=\"wp-block-navigation-item__label\">Dwa krimin\u00e8l<\/span><\/a><\/li><li class=\" wp-block-navigation-item wp-block-navigation-link\"><a class=\"wp-block-navigation-item__content\"  href=\"https:\/\/www.maisonsecoursauxfemmes.org\/cr\/dwa-w\/imigrasyon\/\"><span class=\"wp-block-navigation-item__label\">Imigrasyon<\/span><\/a><\/li><li class=\" wp-block-navigation-item wp-block-navigation-link\"><a class=\"wp-block-navigation-item__content\"  href=\"https:\/\/www.maisonsecoursauxfemmes.org\/cr\/dwa-w\/lojman\/\"><span class=\"wp-block-navigation-item__label\">Lojman<\/span><\/a><\/li><li class=\" wp-block-navigation-item wp-block-navigation-link\"><a class=\"wp-block-navigation-item__content\"  href=\"https:\/\/www.maisonsecoursauxfemmes.org\/cr\/dwa-w\/ed-finansye\/\"><span class=\"wp-block-navigation-item__label\">\u00c8d finansye<\/span><\/a><\/li><\/ul><\/nav><\/div><\/div><\/div><\/div>\n<\/div><\/div>\n\n<\/div><\/div><\/div><\/div>\n\n<\/div><\/div>\n\n<style>.kb-row-layout-id2516_cf7b66-d7 > .kt-row-column-wrap{align-content:start;}:where(.kb-row-layout-id2516_cf7b66-d7 > .kt-row-column-wrap) > .wp-block-kadence-column{justify-content:start;}.kb-row-layout-id2516_cf7b66-d7 > .kt-row-column-wrap{column-gap:var(--global-kb-gap-md, 2rem);row-gap:var(--global-kb-gap-md, 2rem);padding-top:var(--global-kb-spacing-md, 2rem);padding-bottom:var(--global-kb-spacing-md, 2rem);grid-template-columns:minmax(0, 1fr);}.kb-row-layout-id2516_cf7b66-d7 > .kt-row-layout-overlay{opacity:0.30;}.kb-row-layout-id2516_cf7b66-d7{position:relative;}@media all and (max-width: 1024px){.kb-row-layout-id2516_cf7b66-d7 > .kt-row-column-wrap{grid-template-columns:minmax(0, 1fr);}}@media all and (max-width: 767px){.kb-row-layout-id2516_cf7b66-d7 > .kt-row-column-wrap{grid-template-columns:minmax(0, 1fr);}}@media (min-width:1600px) {  .kb-row-layout-id2516_cf7b66-d7 {    margin-top:-8%;}}@media (min-width:1920px) {  .kb-row-layout-id2516_cf7b66-d7 {    margin-top:-10%;}}<\/style><div class=\"kb-row-layout-wrap kb-row-layout-id2516_cf7b66-d7 alignnone has-theme-palette3-background-color kt-row-has-bg resp wp-block-kadence-rowlayout\"><div class=\"kt-row-column-wrap kt-has-1-columns kt-row-layout-equal kt-tab-layout-inherit kt-mobile-layout-row kt-row-valign-top\">\n<style>.kadence-column2516_4456a0-11 > .kt-inside-inner-col,.kadence-column2516_4456a0-11 > .kt-inside-inner-col:before{border-top-left-radius:0px;border-top-right-radius:0px;border-bottom-right-radius:0px;border-bottom-left-radius:0px;}.kadence-column2516_4456a0-11 > .kt-inside-inner-col{column-gap:var(--global-kb-gap-sm, 1rem);}.kadence-column2516_4456a0-11 > .kt-inside-inner-col{flex-direction:column;}.kadence-column2516_4456a0-11 > .kt-inside-inner-col > .aligncenter{width:100%;}.kadence-column2516_4456a0-11 > .kt-inside-inner-col:before{opacity:0.3;}.kadence-column2516_4456a0-11{position:relative;}@media all and (max-width: 1024px){.kadence-column2516_4456a0-11 > .kt-inside-inner-col{flex-direction:column;justify-content:center;}}@media all and (max-width: 767px){.kadence-column2516_4456a0-11 > .kt-inside-inner-col{flex-direction:column;justify-content:center;}}<\/style>\n<div class=\"wp-block-kadence-column kadence-column2516_4456a0-11\"><div class=\"kt-inside-inner-col\"><style>.wp-block-kadence-advancedheading.kt-adv-heading2516_9557aa-fa, .wp-block-kadence-advancedheading.kt-adv-heading2516_9557aa-fa[data-kb-block=\"kb-adv-heading2516_9557aa-fa\"]{text-align:center;font-size:21px;font-weight:600;font-style:normal;font-family:'Source Sans Pro';}.wp-block-kadence-advancedheading.kt-adv-heading2516_9557aa-fa mark.kt-highlight, .wp-block-kadence-advancedheading.kt-adv-heading2516_9557aa-fa[data-kb-block=\"kb-adv-heading2516_9557aa-fa\"] mark.kt-highlight{font-style:normal;color:#f76a0c;-webkit-box-decoration-break:clone;box-decoration-break:clone;padding-top:0px;padding-right:0px;padding-bottom:0px;padding-left:0px;}.wp-block-kadence-advancedheading.kt-adv-heading2516_9557aa-fa img.kb-inline-image, .wp-block-kadence-advancedheading.kt-adv-heading2516_9557aa-fa[data-kb-block=\"kb-adv-heading2516_9557aa-fa\"] img.kb-inline-image{width:150px;vertical-align:baseline;}.wp-block-kadence-advancedheading.kt-adv-heading2516_9557aa-fa[data-kb-block=\"kb-adv-heading2516_9557aa-fa\"] a, .kt-adv-heading-link2516_9557aa-fa, .kt-adv-heading-link2516_9557aa-fa .kt-adv-heading2516_9557aa-fa[data-kb-block=\"kb-adv-heading2516_9557aa-fa\"]{color:var(--global-palette9, #ffffff);}.wp-block-kadence-advancedheading.kt-adv-heading2516_9557aa-fa[data-kb-block=\"kb-adv-heading2516_9557aa-fa\"] a:hover, .kt-adv-heading-link2516_9557aa-fa:hover, .kt-adv-heading-link2516_9557aa-fa:hover .kt-adv-heading2516_9557aa-fa[data-kb-block=\"kb-adv-heading2516_9557aa-fa\"]{color:var(--global-palette4, #2D3748);}@media all and (max-width: 1024px){.wp-block-kadence-advancedheading.kt-adv-heading2516_9557aa-fa, .wp-block-kadence-advancedheading.kt-adv-heading2516_9557aa-fa[data-kb-block=\"kb-adv-heading2516_9557aa-fa\"]{padding-right:0%;padding-left:0%;font-size:19px;}}@media all and (max-width: 767px){.wp-block-kadence-advancedheading.kt-adv-heading2516_9557aa-fa, .wp-block-kadence-advancedheading.kt-adv-heading2516_9557aa-fa[data-kb-block=\"kb-adv-heading2516_9557aa-fa\"]{padding-right:0%;padding-left:0%;font-size:17px;}}<\/style>\n<p class=\"kt-adv-heading2516_9557aa-fa wp-block-kadence-advancedheading has-theme-palette-9-color has-text-color\" data-kb-block=\"kb-adv-heading2516_9557aa-fa\">Si ou vle gen pi plis enf\u00f2masyon, <br>pa ezite <a href=\"https:\/\/www.maisonsecoursauxfemmes.org\/contact\/\">kontakte<\/a> nou <br>oswa konsilte yon avoka.<\/p>\n<\/div><\/div>\n\n<\/div><\/div>","protected":false},"excerpt":{"rendered":"<p>Dwa w Maison Secours aux Femmes ede fanm ki viktim vyolans konjigal ak defans dwa yo, k\u00e8lkeswa se dwa lafanmi, dwa krimin\u00e8l, imigrasyon oswa lojman. Paj sa yo bay enf\u00f2masyon jeneral sou lwa Keb\u00e8k yo ak resous ki disponib nan sitiyasyon vyolans konjigal. Yo pa konstitye yon opinyon legal. Si ou vle gen pi plis&#8230;<\/p>\n","protected":false},"author":3454,"featured_media":0,"parent":0,"menu_order":0,"comment_status":"closed","ping_status":"closed","template":"","meta":{"_eb_attr":"","inline_featured_image":false,"_kad_blocks_custom_css":"","_kad_blocks_head_custom_js":"","_kad_blocks_body_custom_js":"","_kad_blocks_footer_custom_js":"","_kad_post_transparent":"","_kad_post_title":"","_kad_post_layout":"","_kad_post_sidebar_id":"","_kad_post_content_style":"","_kad_post_vertical_padding":"","_kad_post_feature":"","_kad_post_feature_position":"","_kad_post_header":false,"_kad_post_footer":false,"_kad_post_classname":"","footnotes":""},"class_list":["post-2516","page","type-page","status-publish","hentry"],"taxonomy_info":[],"featured_image_src_large":false,"author_info":{"display_name":"Michael Bourgeault","author_link":"https:\/\/www.maisonsecoursauxfemmes.org\/cr\/author\/mbourgeault\/"},"comment_info":"","_links":{"self":[{"href":"https:\/\/www.maisonsecoursauxfemmes.org\/cr\/wp-json\/wp\/v2\/pages\/2516","targetHints":{"allow":["GET"]}}],"collection":[{"href":"https:\/\/www.maisonsecoursauxfemmes.org\/cr\/wp-json\/wp\/v2\/pages"}],"about":[{"href":"https:\/\/www.maisonsecoursauxfemmes.org\/cr\/wp-json\/wp\/v2\/types\/page"}],"author":[{"embeddable":true,"href":"https:\/\/www.maisonsecoursauxfemmes.org\/cr\/wp-json\/wp\/v2\/users\/3454"}],"replies":[{"embeddable":true,"href":"https:\/\/www.maisonsecoursauxfemmes.org\/cr\/wp-json\/wp\/v2\/comments?post=2516"}],"version-history":[{"count":2,"href":"https:\/\/www.maisonsecoursauxfemmes.org\/cr\/wp-json\/wp\/v2\/pages\/2516\/revisions"}],"predecessor-version":[{"id":3811,"href":"https:\/\/www.maisonsecoursauxfemmes.org\/cr\/wp-json\/wp\/v2\/pages\/2516\/revisions\/3811"}],"wp:attachment":[{"href":"https:\/\/www.maisonsecoursauxfemmes.org\/cr\/wp-json\/wp\/v2\/media?parent=2516"}],"curies":[{"name":"wp","href":"https:\/\/api.w.org\/{rel}","templated":true}]}}